{"id":11953,"date":"2023-11-13T17:42:38","date_gmt":"2023-11-13T17:42:38","guid":{"rendered":"https:\/\/www.vacationpass.com\/pass-touristiques-de-londres"},"modified":"2025-09-05T19:24:11","modified_gmt":"2025-09-05T19:24:11","slug":"pass-touristiques-de-londres","status":"publish","type":"page","link":"https:\/\/www.vacationpass.com\/fr\/pass-touristiques-de-londres","title":{"rendered":"Pass touristiques de Londres"},"content":{"rendered":"\n<p>Que ce soit ta premi\u00e8re fois ou que tu la consid\u00e8res comme l&rsquo;une de tes destinations pr\u00e9f\u00e9r\u00e9es, explorer les tenants et aboutissants de Londres est une exp\u00e9rience riche et enrichissante. Chaque ann\u00e9e, des visiteurs du monde entier affluent \u00e0 Londres pour son assortiment formidable et diversifi\u00e9 d&rsquo;attractions de classe mondiale. Des r\u00e9sidences royales comme <a href=\"https:\/\/www.vacationpass.com\/london\/windsor-castle\" data-type=\"london\" data-id=\"6344\">le ch\u00e2teau de Windsor<\/a> et <a href=\"https:\/\/www.vacationpass.com\/london\/kensington-palace\" data-type=\"london\" data-id=\"6343\">le palais de Kensington<\/a> aux sites historiques tels que <a href=\"https:\/\/www.vacationpass.com\/london\/westminster-abbey\" data-type=\"london\" data-id=\"6342\">l&rsquo;abbaye de Westminster<\/a> et <a href=\"https:\/\/www.vacationpass.com\/london\/st-pauls-cathedral\" data-type=\"london\" data-id=\"6337\">la cath\u00e9drale Saint-Paul<\/a> en passant par des mus\u00e9es remarquables aussi \u00e9clectiques que <a href=\"https:\/\/www.vacationpass.com\/london\/the-queens-gallery\" data-type=\"london\" data-id=\"6348\">la galerie de la Reine<\/a>, le <a href=\"https:\/\/www.vacationpass.com\/london\/household-cavalry-museum\" data-type=\"london\" data-id=\"6350\">Household Cavalry Museum<\/a> et <a href=\"https:\/\/www.vacationpass.com\/london\/the-postal-museum\" data-type=\"london\" data-id=\"6354\">le mus\u00e9e de la Poste<\/a>, Londres regorge de sorties inoubliables, parfaites pour les visiteurs ayant un large \u00e9ventail d&rsquo;int\u00e9r\u00eats.  <\/p>\n\n<p>D\u00e9couvrir toutes les merveilles que Londres a \u00e0 offrir peut cependant devenir assez co\u00fbteux en un rien de temps, c&rsquo;est pourquoi de nombreux visiteurs choisissent de faire du tourisme en utilisant un pass touristique. Les meilleurs pass touristiques de Londres te font \u00e9conomiser de l&rsquo;argent sur les meilleures attractions de la ville, et comme il existe aujourd&rsquo;hui une vari\u00e9t\u00e9 de pass \u00e0 la disposition des visiteurs, il est judicieux de faire un peu le tour avant de d\u00e9cider lequel convient le mieux \u00e0 tes besoins de voyage. <\/p>\n\n<p>Quel que soit le pass touristique de Londres que tu envisages, le principe de base est le m\u00eame\u00a0: tu paies une somme forfaitaire initiale pour ton pass, puis tu ne dois rien \u00e0 la porte d&rsquo;entr\u00e9e de l&rsquo;attraction. Et quelle que soit l&rsquo;attraction que tu visites, tu n&rsquo;auras besoin que de ton pass touristique, car il sert de seul et unique billet d&rsquo;entr\u00e9e \u00e0 chaque destination populaire de Londres que tu visites. Mieux encore, tu paieras beaucoup moins cher pour un seul pass touristique accept\u00e9 dans des dizaines d&rsquo;<a href=\"https:\/\/www.vacationpass.com\/london-tourist-attractions\" data-type=\"page\" data-id=\"6414\">attractions londoniennes<\/a> que si tu payais de ta poche tous les billets individuels \u00e0 chaque attraction de ta liste de choses \u00e0 faire.  <\/p>\n\n<p>Malgr\u00e9 leurs nombreuses similitudes, il existe un certain nombre de diff\u00e9rences d&rsquo;un produit \u00e0 l&rsquo;autre, et \u00eatre conscient des caract\u00e9ristiques distinctives de chaque produit peut t&rsquo;aider \u00e0 choisir le pass touristique qui te convient. Pour un bref aper\u00e7u de plusieurs des meilleurs pass touristiques de Londres actuellement sur le march\u00e9, voir ci-dessous. Clique sur le lien fourni pour obtenir des informations suppl\u00e9mentaires sur chaque pass.  <\/p>\n\n<h3 class=\"wp-block-heading\"><strong><a href=\"https:\/\/www.vacationpass.com\/fr\/london-pass\" data-type=\"page\" data-id=\"404\">London pass<\/a><\/strong><\/h3>\n\n<p>Le London Pass est accept\u00e9 dans plus de 80 des attractions les plus populaires de la ville. Choisis simplement la dur\u00e9e de validit\u00e9 de ton pass (les choix sont un, deux, trois, quatre, cinq, six, sept ou dix jours), et ton pass fonctionne alors comme le seul billet dont tu as besoin \u00e0 chaque attraction que tu visites. <\/p>\n\n<h3 class=\"wp-block-heading\"><\/h3>\n\n<h3 class=\"wp-block-heading\"><strong><a href=\"https:\/\/www.vacationpass.com\/london-explorer-pass\" data-type=\"page\" data-id=\"4677\">London explorer pass<\/a><\/strong><\/h3>\n\n<p>Le London Explorer Pass est un pass multi-attractions flexible qui fonctionne comme ton billet d&rsquo;entr\u00e9e \u00e0 ton choix de deux, trois, quatre, cinq, six ou sept attractions. Une fois que tu as activ\u00e9 ton pass, tu auras 60 jours pour l&rsquo;utiliser, et il est accept\u00e9 dans plus de 75 attractions populaires de Londres. <\/p>\n\n<h3 class=\"wp-block-heading\"><strong><a href=\"https:\/\/www.vacationpass.com\/the-london-sightseeing-pass\" data-type=\"page\" data-id=\"4719\">London sightseeing pass<\/a><\/strong><\/h3>\n\n<p>Le London Sightseeing Pass est valable un, deux, trois, quatre ou cinq jours. Pendant toute la dur\u00e9e de validit\u00e9 de ce pass touristique, tu peux visiter plus de 55 des meilleures destinations que Londres a \u00e0 offrir, tout en ne transportant qu&rsquo;un seul billet et en ne payant rien de ta poche \u00e0 l&rsquo;entr\u00e9e.<\/p>\n\n<h3 class=\"wp-block-heading\"><strong><a href=\"https:\/\/www.vacationpass.com\/merlin-magical-london-5-in-1-pass\" data-type=\"page\" data-id=\"7153\">Merlin magical London 5-in-1 pass<\/a><\/strong><\/h3>\n\n<p>Ce pass touristique unique te donne acc\u00e8s \u00e0 cinq attractions populaires de Londres \u00e0 un prix forfaitaire r\u00e9duit. Ton Merlin Magical London 5-en-1 Pass te servira de seul billet dont tu auras besoin pour visiter le <a href=\"https:\/\/www.vacationpass.com\/london\/lastminute-com-london-eye\" data-type=\"london\" data-id=\"6652\">London Eye<\/a>, <a href=\"https:\/\/www.vacationpass.com\/london\/madame-tussauds-london\" data-type=\"london\" data-id=\"6654\">Madame Tussauds London<\/a>, <a href=\"https:\/\/www.vacationpass.com\/london\/sea-life-london-aquarium\" data-type=\"london\" data-id=\"6660\">SEA LIFE London Aquarium<\/a>, <a href=\"https:\/\/www.vacationpass.com\/london\/shreks-adventure-london\" data-type=\"london\" data-id=\"6666\">Shrek&rsquo;s Adventure London<\/a> et le <a href=\"https:\/\/www.vacationpass.com\/london\/the-london-dungeon\" data-type=\"london\" data-id=\"6662\">London Dungeon<\/a>.<\/p>\n\n<h3 class=\"wp-block-heading\"><strong><a href=\"https:\/\/www.vacationpass.com\/go-city-london-all-inclusive-pass\" data-type=\"page\" data-id=\"7274\">Go city London all-inclusive pass<\/a><\/strong><\/h3>\n\n<p>Avec le London All-Inclusive Pass de Go City, tu paies un prix forfaitaire pour couvrir ton entr\u00e9e \u00e0 environ 90 des principales attractions de Londres. Ce produit tout compris est valable un, deux, trois, quatre, cinq, six, sept ou dix jours, et tu pourras l&rsquo;utiliser pour visiter autant d&rsquo;attractions que tu le souhaites pendant la p\u00e9riode que tu s\u00e9lectionnes.<\/p>\n\n<h3 class=\"wp-block-heading\"><strong><a href=\"https:\/\/www.vacationpass.com\/london-city-pass-by-turbopass\" data-type=\"page\" data-id=\"7288\">London city pass by turbopass<\/a><\/strong><\/h3>\n\n<p>Le London City Pass by Turbopass est disponible en pass d&rsquo;un jour, de deux jours, de trois jours, de quatre jours, de cinq jours, de six jours ou de sept jours. Quel que soit le pass qui te convient le mieux, ton London Turbopass te permet d&rsquo;entrer dans des attractions c\u00e9l\u00e8bres de Londres comme le palais de Kensington et la <a href=\"https:\/\/www.vacationpass.com\/london\/tower-of-london\" data-type=\"london\" data-id=\"6335\">Tour de Londres<\/a>, tout en incluant le co\u00fbt d&rsquo;une visite en bus \u00e0 arr\u00eats multiples.<\/p>\n","protected":false},"excerpt":{"rendered":"<p>Que ce soit ta premi\u00e8re fois ou que tu la consid\u00e8res comme l&rsquo;une de tes destinations pr\u00e9f\u00e9r\u00e9es, explorer les tenants et aboutissants de Londres est une exp\u00e9rience riche et enrichissante. Chaque ann\u00e9e, des visiteurs du monde entier affluent \u00e0 Londres pour son assortiment formidable et diversifi\u00e9 d&rsquo;attractions de classe mondiale. Des r\u00e9sidences royales comme le &#8230; <a title=\"Pass touristiques de Londres\" class=\"read-more\" href=\"https:\/\/www.vacationpass.com\/fr\/pass-touristiques-de-londres\" aria-label=\"En savoir plus sur Pass touristiques de Londres\">Lire plus<\/a><\/p>\n","protected":false},"author":9,"featured_media":0,"parent":0,"menu_order":0,"comment_status":"closed","ping_status":"closed","template":"","meta":{"_acf_changed":false,"footnotes":""},"top_bar_for_hurry_timer":[],"class_list":["post-11953","page","type-page","status-publish"],"acf":[],"_links":{"self":[{"href":"https:\/\/www.vacationpass.com\/fr\/wp-json\/wp\/v2\/pages\/11953","targetHints":{"allow":["GET"]}}],"collection":[{"href":"https:\/\/www.vacationpass.com\/fr\/wp-json\/wp\/v2\/pages"}],"about":[{"href":"https:\/\/www.vacationpass.com\/fr\/wp-json\/wp\/v2\/types\/page"}],"author":[{"embeddable":true,"href":"https:\/\/www.vacationpass.com\/fr\/wp-json\/wp\/v2\/users\/9"}],"replies":[{"embeddable":true,"href":"https:\/\/www.vacationpass.com\/fr\/wp-json\/wp\/v2\/comments?post=11953"}],"version-history":[{"count":1,"href":"https:\/\/www.vacationpass.com\/fr\/wp-json\/wp\/v2\/pages\/11953\/revisions"}],"predecessor-version":[{"id":11955,"href":"https:\/\/www.vacationpass.com\/fr\/wp-json\/wp\/v2\/pages\/11953\/revisions\/11955"}],"wp:attachment":[{"href":"https:\/\/www.vacationpass.com\/fr\/wp-json\/wp\/v2\/media?parent=11953"}],"wp:term":[{"taxonomy":"top_bar_for_hurry_timer","embeddable":true,"href":"https:\/\/www.vacationpass.com\/fr\/wp-json\/wp\/v2\/top_bar_for_hurry_timer?post=11953"}],"curies":[{"name":"wp","href":"https:\/\/api.w.org\/{rel}","templated":true}]}}