{"id":11959,"date":"2023-11-13T17:42:38","date_gmt":"2023-11-13T17:42:38","guid":{"rendered":"https:\/\/www.vacationpass.com\/londoner-touristenpaesse"},"modified":"2025-09-05T19:24:22","modified_gmt":"2025-09-05T19:24:22","slug":"londoner-touristenpaesse","status":"publish","type":"page","link":"https:\/\/www.vacationpass.com\/de\/londoner-touristenpaesse","title":{"rendered":"Londoner Touristenp\u00e4sse"},"content":{"rendered":"\n<p>Egal, ob du zum ersten Mal hier bist oder London zu deinen Lieblingszielen z\u00e4hlst, die Erkundung der Stadt ist eine bereichernde und lohnende Erfahrung. Jedes Jahr str\u00f6men Besucher aus aller Welt nach London, um die enorme und vielf\u00e4ltige Auswahl an Weltklasse-Attraktionen zu erleben. Von k\u00f6niglichen Residenzen wie <a href=\"https:\/\/www.vacationpass.com\/london\/windsor-castle\" data-type=\"london\" data-id=\"6344\">Windsor Castle<\/a> und <a href=\"https:\/\/www.vacationpass.com\/london\/kensington-palace\" data-type=\"london\" data-id=\"6343\">Kensington Palace<\/a> \u00fcber historische St\u00e4tten wie die <a href=\"https:\/\/www.vacationpass.com\/london\/westminster-abbey\" data-type=\"london\" data-id=\"6342\">Westminster Abbey<\/a> und die <a href=\"https:\/\/www.vacationpass.com\/london\/st-pauls-cathedral\" data-type=\"london\" data-id=\"6337\">St. Paul\u2019s Cathedral<\/a> bis hin zu bemerkenswerten Museen, so vielseitig wie <a href=\"https:\/\/www.vacationpass.com\/london\/the-queens-gallery\" data-type=\"london\" data-id=\"6348\">The Queen\u2019s Gallery<\/a>, das <a href=\"https:\/\/www.vacationpass.com\/london\/household-cavalry-museum\" data-type=\"london\" data-id=\"6350\">Household Cavalry Museum<\/a> und <a href=\"https:\/\/www.vacationpass.com\/london\/the-postal-museum\" data-type=\"london\" data-id=\"6354\">The Postal Museum<\/a> \u2013 London ist voller unvergesslicher Ausfl\u00fcge, perfekt f\u00fcr Besucher mit den unterschiedlichsten Interessen.  <\/p>\n\n<p>All die wunderbaren Dinge, die London zu bieten hat, k\u00f6nnen jedoch schnell ziemlich teuer werden, weshalb viele Besucher ihre Besichtigungstouren mit einem Touristenpass planen. Die besten Londoner Touristenp\u00e4sse sparen dir Geld bei den besten Attraktionen der Stadt, und da heute eine Vielzahl von P\u00e4ssen f\u00fcr Besucher erh\u00e4ltlich ist, ist es klug, sich ein wenig umzusehen, bevor du dich f\u00fcr den richtigen Pass f\u00fcr dich und deine Reisebed\u00fcrfnisse entscheidest. <\/p>\n\n<p>Egal, welchen Londoner Touristenpass du in Betracht ziehst, das Grundprinzip ist dasselbe: Du zahlst einen einmaligen Pauschalbetrag f\u00fcr deinen Pass und schuldest dann am Eingang der Attraktion nichts mehr. Und egal, welche Attraktion du besuchst, alles, was du mitnehmen musst, ist dein Touristenpass, da er als dein einziges Eintrittsticket an jedem einzelnen beliebten Londoner Ziel dient, das du besuchst. Noch besser: Du zahlst viel weniger f\u00fcr einen einzigen Touristenpass, der bei zahlreichen <a href=\"https:\/\/www.vacationpass.com\/london-tourist-attractions\" data-type=\"page\" data-id=\"6414\">Londoner Attraktionen<\/a> akzeptiert wird, als wenn du alle einzelnen Tickets f\u00fcr jede Attraktion auf deiner To-Do-Liste aus eigener Tasche bezahlen w\u00fcrdest.  <\/p>\n\n<p>Trotz vieler \u00c4hnlichkeiten gibt es eine Reihe von Unterschieden zwischen den einzelnen Produkten, und wenn du die Besonderheiten jedes Produkts kennst, kannst du den f\u00fcr dich passenden Touristenpass ausw\u00e4hlen. Eine kurze Zusammenfassung einiger der besten Londoner Touristenp\u00e4sse, die heute auf dem Markt sind, findest du unten. Klicke auf den angegebenen Link f\u00fcr weitere Informationen zu jedem einzelnen Pass.  <\/p>\n\n<h3 class=\"wp-block-heading\"><strong><a href=\"https:\/\/www.vacationpass.com\/london-pass\" data-type=\"page\" data-id=\"404\">London Pass<\/a><\/strong><\/h3>\n\n<p>Der London Pass wird bei \u00fcber 80 der beliebtesten Attraktionen der Stadt akzeptiert. W\u00e4hle einfach aus, wie lange dein Pass g\u00fcltig sein soll (die Auswahlm\u00f6glichkeiten sind ein, zwei, drei, vier, f\u00fcnf, sechs, sieben oder zehn Tage), und dann dient dein Pass als einziges Ticket, das du bei jeder einzelnen Attraktion ben\u00f6tigst, die du besuchst. <\/p>\n\n<h3 class=\"wp-block-heading\"><\/h3>\n\n<h3 class=\"wp-block-heading\"><strong><a href=\"https:\/\/www.vacationpass.com\/london-explorer-pass\" data-type=\"page\" data-id=\"4677\">London Explorer Pass<\/a><\/strong><\/h3>\n\n<p>Der London Explorer Pass ist ein flexibler Multi-Attraktions-Pass, der als dein Eintrittsticket f\u00fcr zwei, drei, vier, f\u00fcnf, sechs oder sieben Attraktionen deiner Wahl dient. Sobald du deinen Pass aktiviert hast, hast du 60 Tage Zeit, ihn zu nutzen, und er wird bei \u00fcber 75 beliebten Londoner Attraktionen akzeptiert. <\/p>\n\n<h3 class=\"wp-block-heading\"><strong><a href=\"https:\/\/www.vacationpass.com\/the-london-sightseeing-pass\" data-type=\"page\" data-id=\"4719\">London Sightseeing Pass<\/a><\/strong><\/h3>\n\n<p>Der London Sightseeing Pass ist f\u00fcr ein, zwei, drei, vier oder f\u00fcnf Tage g\u00fcltig. W\u00e4hrend der G\u00fcltigkeitsdauer dieses Touristenpasses kannst du \u00fcber 55 der besten Ziele besuchen, die London zu bieten hat, und dabei nur dieses eine Ticket mit dir f\u00fchren und am Eingang nichts aus eigener Tasche bezahlen.<\/p>\n\n<h3 class=\"wp-block-heading\"><strong><a href=\"https:\/\/www.vacationpass.com\/merlin-magical-london-5-in-1-pass\" data-type=\"page\" data-id=\"7153\">Merlin Magical London 5-in-1 Pass<\/a><\/strong><\/h3>\n\n<p>Dieser einzigartige Touristenpass gew\u00e4hrt dir Eintritt zu f\u00fcnf beliebten Londoner Attraktionen zu einem pauschalen, erm\u00e4\u00dfigten Preis. Dein Merlin Magical London 5-in-1 Pass dient als einziges Ticket, das du ben\u00f6tigst, um das <a href=\"https:\/\/www.vacationpass.com\/london\/lastminute-com-london-eye\" data-type=\"london\" data-id=\"6652\">London Eye<\/a>, <a href=\"https:\/\/www.vacationpass.com\/london\/madame-tussauds-london\" data-type=\"london\" data-id=\"6654\">Madame Tussauds London<\/a>, das <a href=\"https:\/\/www.vacationpass.com\/london\/sea-life-london-aquarium\" data-type=\"london\" data-id=\"6660\">SEA LIFE London Aquarium<\/a>, <a href=\"https:\/\/www.vacationpass.com\/london\/shreks-adventure-london\" data-type=\"london\" data-id=\"6666\">Shrek\u2019s Adventure London<\/a> und den <a href=\"https:\/\/www.vacationpass.com\/london\/the-london-dungeon\" data-type=\"london\" data-id=\"6662\">London Dungeon<\/a> zu besuchen.<\/p>\n\n<h3 class=\"wp-block-heading\"><strong><a href=\"https:\/\/www.vacationpass.com\/go-city-london-all-inclusive-pass\" data-type=\"page\" data-id=\"7274\">Go City London All-Inclusive Pass<\/a><\/strong><\/h3>\n\n<p>Mit dem London All-Inclusive Pass von Go City zahlst du einen Pauschalpreis, der deinen Eintritt zu etwa 90 der Top-Attraktionen Londons abdeckt. Dieses All-Inclusive-Produkt ist f\u00fcr ein, zwei, drei, vier, f\u00fcnf, sechs, sieben oder zehn Tage g\u00fcltig, und du kannst es nutzen, um so viele Attraktionen zu besuchen, wie du m\u00f6chtest, w\u00e4hrend des von dir gew\u00e4hlten Zeitraums.<\/p>\n\n<h3 class=\"wp-block-heading\"><strong><a href=\"https:\/\/www.vacationpass.com\/london-city-pass-by-turbopass\" data-type=\"page\" data-id=\"7288\">London City Pass von Turbopass<\/a><\/strong><\/h3>\n\n<p>Der London City Pass von Turbopass ist als Ein-, Zwei-, Drei-, Vier-, F\u00fcnf-, Sechs- oder Sieben-Tages-Pass erh\u00e4ltlich. Egal, welcher Pass am besten f\u00fcr dich passt, dein London Turbopass verschafft dir Eintritt zu ber\u00fchmten Londoner Attraktionen wie dem Kensington Palace und dem <a href=\"https:\/\/www.vacationpass.com\/london\/tower-of-london\" data-type=\"london\" data-id=\"6335\">Tower of London<\/a> und beinhaltet zudem die Kosten f\u00fcr eine Hop-on-Hop-off-Bustour.<\/p>\n","protected":false},"excerpt":{"rendered":"<p>Egal, ob du zum ersten Mal hier bist oder London zu deinen Lieblingszielen z\u00e4hlst, die Erkundung der Stadt ist eine bereichernde und lohnende Erfahrung. Jedes Jahr str\u00f6men Besucher aus aller Welt nach London, um die enorme und vielf\u00e4ltige Auswahl an Weltklasse-Attraktionen zu erleben. Von k\u00f6niglichen Residenzen wie Windsor Castle und Kensington Palace \u00fcber historische St\u00e4tten &#8230; <a title=\"Londoner Touristenp\u00e4sse\" class=\"read-more\" href=\"https:\/\/www.vacationpass.com\/de\/londoner-touristenpaesse\" aria-label=\"Mehr Informationen \u00fcber Londoner Touristenp\u00e4sse\">Weiterlesen &#8230;<\/a><\/p>\n","protected":false},"author":9,"featured_media":0,"parent":0,"menu_order":0,"comment_status":"closed","ping_status":"closed","template":"","meta":{"_acf_changed":false,"footnotes":""},"top_bar_for_hurry_timer":[],"class_list":["post-11959","page","type-page","status-publish"],"acf":[],"_links":{"self":[{"href":"https:\/\/www.vacationpass.com\/de\/wp-json\/wp\/v2\/pages\/11959","targetHints":{"allow":["GET"]}}],"collection":[{"href":"https:\/\/www.vacationpass.com\/de\/wp-json\/wp\/v2\/pages"}],"about":[{"href":"https:\/\/www.vacationpass.com\/de\/wp-json\/wp\/v2\/types\/page"}],"author":[{"embeddable":true,"href":"https:\/\/www.vacationpass.com\/de\/wp-json\/wp\/v2\/users\/9"}],"replies":[{"embeddable":true,"href":"https:\/\/www.vacationpass.com\/de\/wp-json\/wp\/v2\/comments?post=11959"}],"version-history":[{"count":1,"href":"https:\/\/www.vacationpass.com\/de\/wp-json\/wp\/v2\/pages\/11959\/revisions"}],"predecessor-version":[{"id":11961,"href":"https:\/\/www.vacationpass.com\/de\/wp-json\/wp\/v2\/pages\/11959\/revisions\/11961"}],"wp:attachment":[{"href":"https:\/\/www.vacationpass.com\/de\/wp-json\/wp\/v2\/media?parent=11959"}],"wp:term":[{"taxonomy":"top_bar_for_hurry_timer","embeddable":true,"href":"https:\/\/www.vacationpass.com\/de\/wp-json\/wp\/v2\/top_bar_for_hurry_timer?post=11959"}],"curies":[{"name":"wp","href":"https:\/\/api.w.org\/{rel}","templated":true}]}}